{"id":1881,"date":"2021-07-15T08:01:20","date_gmt":"2021-07-15T08:01:20","guid":{"rendered":"https:\/\/boldnote.qodeinteractive.com\/?page_id=1881"},"modified":"2024-12-20T13:30:40","modified_gmt":"2024-12-20T13:30:40","slug":"fullscreen-slider-home","status":"publish","type":"page","link":"https:\/\/doscoronasestudio.com\/","title":{"rendered":"Fullscreen Slider Home"},"content":{"rendered":"\t\t<div data-elementor-type=\"wp-page\" data-elementor-id=\"1881\" class=\"elementor elementor-1881\">\n\t\t\t\t\t\t<section class=\"elementor-section elementor-top-section elementor-element elementor-element-14c3f7b elementor-section-full_width elementor-section-height-default elementor-section-height-default qodef-elementor-content-no\" data-id=\"14c3f7b\" data-element_type=\"section\">\n\t\t\t\t\t\t<div class=\"elementor-container elementor-column-gap-default\">\n\t\t\t\t\t<div class=\"elementor-column elementor-col-100 elementor-top-column elementor-element elementor-element-fb0251e\" data-id=\"fb0251e\" data-element_type=\"column\">\n\t\t\t<div class=\"elementor-widget-wrap elementor-element-populated\">\n\t\t\t\t\t\t<div class=\"elementor-element elementor-element-4731945 elementor-widget elementor-widget-boldnote_core_fullscreen_swipe_slider\" data-id=\"4731945\" data-element_type=\"widget\" data-widget_type=\"boldnote_core_fullscreen_swipe_slider.default\">\n\t\t\t\t<div class=\"elementor-widget-container\">\n\t\t\t\t\t<div class=\"qodef-shortcode qodef-m  qodef-fullscreen-swipe-slider qodef-skin--light qodef-grid qodef-layout--columns  qodef-gutter--normal qodef-col-num--3  qodef-responsive--predefined\" data-options=\"{&quot;slidesPerView&quot;:&quot;3&quot;,&quot;spaceBetween&quot;:30,&quot;loop&quot;:true,&quot;autoplay&quot;:true,&quot;speed&quot;:&quot;&quot;,&quot;speedAnimation&quot;:&quot;&quot;,&quot;effect&quot;:&quot;fade&quot;,&quot;sliderScroll&quot;:true}\">\n\t<div class=\"qodef-m-images\">\n\t\t\t\t\t\t\t\t\t\t\t\t\t\t\t\t<div data-index=\"\" class=\"qodef-e-video\">\n\t\t\t\t\t<video autoplay=\"autoplay\" loop=\"loop\" muted=\"muted\" playsinline=\"\">\n\t\t\t\t\t\t<source type=\"video\/mp4\" src=\"https:\/\/doscoronasestudio.com\/wp-content\/uploads\/2023\/06\/mockup-webs-doscoronas-3.mp4\">\n\t\t\t\t\t<\/video>\n\t\t\t\t<\/div>\n\t\t\t\t\t\t<\/div>\n\t<div class=\"swiper-wrapper qodef-m-items\">\n\t\t\t\t\t<div class=\"qodef-m-item swiper-slide\">\n\t\t\t\t<div class=\"qodef-m-content\">\n\n\t\t\t\t\t<p class=\"qodef-e-text\" ><strong>DISE\u00d1O WEB<\/strong><br\/>\nCreemos que la experiencia de usuario es lo que realmente importa. Dise\u00f1amos y desarrollamos webs para hacer que sea satisfactoria.\n\nCreamos estrategias de comunicaci\u00f3n, realizamos sesiones de fotos y videos, y desarrollamos p\u00e1ginas webs. \n<\/p>\n\n\t\t\t\t\t\t\t\t\t\t<span class=\"qodef-e-button\"><a class=\"qodef-shortcode qodef-m qodef-m-button qodef-button qodef-layout--outlined qodef-size--large qodef-html--link \" href=\"\" target=\"_self\"  >\t<span class=\"qodef-m-text\"><\/span><\/a><\/span>\n\t\t\t\t<\/div>\n\t\t\t\t<div class=\"qodef-m-vertical-title\">\n\t\t\t\t\t<div class=\"qodef-m-vertical-title-inner\">\n\t\t\t\t\t\t<div class=\"qodef-shortcode qodef-m qodef-vertical qodef-text-marquee qodef-layout--default\">\t<div class=\"qodef-m-content\" style=\"font-size:50px;line-height:1.4em;font-weight:400\">\t\t\t\t\t<span class=\"qodef-m-text--1\" >\t\t\t\tNUEVA WEB EN MARCHA - NEW WEB IS COMING\t\t\t<\/span>\t\t\t\t\t<span class=\"qodef-m-text--2\" >\t\t\t\tNUEVA WEB EN MARCHA - NEW WEB IS COMING\t\t\t<\/span>\t\t\t\t\t<span class=\"qodef-m-text--3\" >\t\t\t\tNUEVA WEB EN MARCHA - NEW WEB IS COMING\t\t\t<\/span>\t\t\t<\/div><\/div>\t\t\t\t\t<\/div>\n\t\t\t\t<\/div>\n\t\t\t<\/div>\n\t\t\t<\/div>\n\t\t\t<div class=\"swiper-button-prev \"><svg  width=\"30.602\" height=\"30.137\" viewBox=\"0 0 30.602 30.137\"><g><path d=\"M29.102 15.069H1.965M13.724 26.828 1.061 14.165M13.724 3.31 1.061 15.973\"\/><\/g><g><path d=\"M29.102 15.069H1.965M13.724 26.828 1.061 14.165M13.724 3.31 1.061 15.973\"\/><\/g><\/svg><\/div>\n\t\t<div class=\"swiper-button-next \"><svg  width=\"30.602\" height=\"30.137\" viewBox=\"0 0 30.602 30.137\" ><g><path d=\"M1.499 15.068h27.137M16.877 3.308l12.664 12.664M16.877 26.827l12.664-12.664\"\/><\/g><g><path d=\"M1.499 15.068h27.137M16.877 3.308l12.664 12.664M16.877 26.827l12.664-12.664\"\/><\/g><\/svg><\/div>\n\t\n\t\t<div class=\"swiper-pagination\"><\/div>\n<\/div>\n\t\t\t\t<\/div>\n\t\t\t\t<\/div>\n\t\t\t\t\t<\/div>\n\t\t<\/div>\n\t\t\t\t\t<\/div>\n\t\t<\/section>\n\t\t\t\t<section class=\"elementor-section elementor-top-section elementor-element elementor-element-937ae5a elementor-section-full_width elementor-section-height-full elementor-section-height-default elementor-section-items-middle qodef-elementor-content-no\" data-id=\"937ae5a\" data-element_type=\"section\">\n\t\t\t\t\t\t<div class=\"elementor-container elementor-column-gap-default\">\n\t\t\t\t\t<div class=\"elementor-column elementor-col-100 elementor-top-column elementor-element elementor-element-64c21cd\" data-id=\"64c21cd\" data-element_type=\"column\">\n\t\t\t<div class=\"elementor-widget-wrap elementor-element-populated\">\n\t\t\t\t\t\t<div class=\"elementor-element elementor-element-70d80f5 elementor-widget elementor-widget-boldnote_core_fullscreen_swipe_slider\" data-id=\"70d80f5\" data-element_type=\"widget\" data-widget_type=\"boldnote_core_fullscreen_swipe_slider.default\">\n\t\t\t\t<div class=\"elementor-widget-container\">\n\t\t\t\t\t<div class=\"qodef-shortcode qodef-m  qodef-fullscreen-swipe-slider qodef-skin--light qodef-grid qodef-swiper-container  qodef-gutter--no qodef-col-num--3  qodef-responsive--predefined qodef-swiper-pagination--on\" data-options=\"{&quot;slidesPerView&quot;:&quot;3&quot;,&quot;spaceBetween&quot;:0,&quot;loop&quot;:true,&quot;autoplay&quot;:true,&quot;speed&quot;:&quot;10000&quot;,&quot;speedAnimation&quot;:&quot;&quot;,&quot;effect&quot;:&quot;fade&quot;,&quot;sliderScroll&quot;:true}\">\n\t<div class=\"qodef-m-images\">\n\t\t\t\t\t\t\t\t\t\t\t\t\t\t\t<div data-index=\"0\" class=\"qodef-e-image\" style=\"background-image: url(https:\/\/doscoronasestudio.com\/wp-content\/uploads\/2023\/06\/slide_strategia_raemon.jpeg)\"><\/div>\n\t\t\t\t\t\t\t\t\t\t\t\t\t\t\t\t\t\t\t<div data-index=\"1\" class=\"qodef-e-image\" style=\"background-image: url(https:\/\/doscoronasestudio.com\/wp-content\/uploads\/2023\/06\/slide_strategia_terra.jpeg)\"><\/div>\n\t\t\t\t\t\t\t\t\t\t\t\t\t\t\t\t\t\t\t\t<div data-index=\"\" class=\"qodef-e-video\">\n\t\t\t\t\t<video autoplay=\"autoplay\" loop=\"loop\" muted=\"muted\" playsinline=\"\">\n\t\t\t\t\t\t<source type=\"video\/mp4\" src=\"https:\/\/doscoronasestudio.com\/wp-content\/uploads\/2023\/06\/mockup-webs-doscoronas-3.mp4\">\n\t\t\t\t\t<\/video>\n\t\t\t\t<\/div>\n\t\t\t\t\t\t\t\t\t\t\t\t\t\t\t\t\t<div data-index=\"\" class=\"qodef-e-video\">\n\t\t\t\t\t<video autoplay=\"autoplay\" loop=\"loop\" muted=\"muted\" playsinline=\"\">\n\t\t\t\t\t\t<source type=\"video\/mp4\" src=\"https:\/\/doscoronasestudio.com\/wp-content\/uploads\/2023\/06\/BLOWN.mp4\">\n\t\t\t\t\t<\/video>\n\t\t\t\t<\/div>\n\t\t\t\t\t\t<\/div>\n\t<div class=\"swiper-wrapper qodef-m-items\">\n\t\t\t\t\t<div class=\"qodef-m-item swiper-slide\">\n\t\t\t\t<div class=\"qodef-m-content\">\n\n\t\t\t\t\t<p class=\"qodef-e-text\" ><strong>SOMOS<\/strong><br\/>\nUn mix de agencia de comunicaci\u00f3n y estudio de dise\u00f1o. Creemos que detr\u00e1s de un proyecto hay un prop\u00f3sito y hacemos lo que haga falta para hacerlo posible.<\/p>\n\n\t\t\t\t\t\t\t\t\t\t<span class=\"qodef-e-button\"><a class=\"qodef-shortcode qodef-m qodef-m-button qodef-button qodef-layout--outlined qodef-size--large qodef-html--link \" href=\"mailto:somos@doscoronasestudio.com\" target=\"_self\"  >\t<span class=\"qodef-m-text\">Contacto<\/span><\/a><\/span>\n\t\t\t\t<\/div>\n\t\t\t\t<div class=\"qodef-m-vertical-title\">\n\t\t\t\t\t<div class=\"qodef-m-vertical-title-inner\">\n\t\t\t\t\t\t<div class=\"qodef-shortcode qodef-m qodef-vertical qodef-text-marquee qodef-layout--default\">\t<div class=\"qodef-m-content\" style=\"font-size:50px;line-height:1.4em;font-weight:400\">\t\t\t\t\t<span class=\"qodef-m-text--1\" >\t\t\t\tNUEVA WEB EN MARCHA - NEW WEB IS COMING\t\t\t<\/span>\t\t\t\t\t<span class=\"qodef-m-text--2\" >\t\t\t\tNUEVA WEB EN MARCHA - NEW WEB IS COMING\t\t\t<\/span>\t\t\t\t\t<span class=\"qodef-m-text--3\" >\t\t\t\tNUEVA WEB EN MARCHA - NEW WEB IS COMING\t\t\t<\/span>\t\t\t<\/div><\/div>\t\t\t\t\t<\/div>\n\t\t\t\t<\/div>\n\t\t\t<\/div>\n\t\t\t\t\t<div class=\"qodef-m-item swiper-slide\">\n\t\t\t\t<div class=\"qodef-m-content\">\n\n\t\t\t\t\t<p class=\"qodef-e-text\" ><strong>ESTRATEGIA DE MARCA<\/strong><br\/>\nPonemos orden a tus ideas, y te ayudamos a comunicarlas. Te acompa\u00f1amos, y ayudamos a decidir que es mejor. Porque lo importante no es saber hacerlo, es saber contarlo.<\/p>\n\n\t\t\t\t\t\t\t\t\t\t<span class=\"qodef-e-button\"><a class=\"qodef-shortcode qodef-m qodef-m-button qodef-button qodef-layout--outlined qodef-size--large qodef-html--link \" href=\"mailto:somos@doscoronasestudio.com\" target=\"_self\"  >\t<span class=\"qodef-m-text\">Contacto<\/span><\/a><\/span>\n\t\t\t\t<\/div>\n\t\t\t\t<div class=\"qodef-m-vertical-title\">\n\t\t\t\t\t<div class=\"qodef-m-vertical-title-inner\">\n\t\t\t\t\t\t<div class=\"qodef-shortcode qodef-m qodef-vertical qodef-text-marquee qodef-layout--default\">\t<div class=\"qodef-m-content\" style=\"font-size:50px;line-height:1.4em;font-weight:400\">\t\t\t\t\t<span class=\"qodef-m-text--1\" >\t\t\t\tNUEVA WEB EN MARCHA - NEW WEB IS COMING\t\t\t<\/span>\t\t\t\t\t<span class=\"qodef-m-text--2\" >\t\t\t\tNUEVA WEB EN MARCHA - NEW WEB IS COMING\t\t\t<\/span>\t\t\t\t\t<span class=\"qodef-m-text--3\" >\t\t\t\tNUEVA WEB EN MARCHA - NEW WEB IS COMING\t\t\t<\/span>\t\t\t<\/div><\/div>\t\t\t\t\t<\/div>\n\t\t\t\t<\/div>\n\t\t\t<\/div>\n\t\t\t\t\t<div class=\"qodef-m-item swiper-slide\">\n\t\t\t\t<div class=\"qodef-m-content\">\n\n\t\t\t\t\t<p class=\"qodef-e-text\" ><strong>DISE\u00d1O WEB<\/strong><br\/>\nCreemos que la experiencia de usuario es lo que realmente importa. Dise\u00f1amos y desarrollamos webs para hacer que sea satisfactoria.\n\nCreamos estrategias de comunicaci\u00f3n, realizamos sesiones de fotos y videos, y desarrollamos p\u00e1ginas webs. \n<\/p>\n\n\t\t\t\t\t\t\t\t\t\t<span class=\"qodef-e-button\"><a class=\"qodef-shortcode qodef-m qodef-m-button qodef-button qodef-layout--outlined qodef-size--large qodef-html--link \" href=\"mailto:somos@doscoronasestudio.com\" target=\"_self\"  >\t<span class=\"qodef-m-text\">Contacto<\/span><\/a><\/span>\n\t\t\t\t<\/div>\n\t\t\t\t<div class=\"qodef-m-vertical-title\">\n\t\t\t\t\t<div class=\"qodef-m-vertical-title-inner\">\n\t\t\t\t\t\t<div class=\"qodef-shortcode qodef-m qodef-vertical qodef-text-marquee qodef-layout--default\">\t<div class=\"qodef-m-content\" style=\"font-size:50px;line-height:1.4em;font-weight:400\">\t\t\t\t\t<span class=\"qodef-m-text--1\" >\t\t\t\tNUEVA WEB EN MARCHA - NEW WEB IS COMING\t\t\t<\/span>\t\t\t\t\t<span class=\"qodef-m-text--2\" >\t\t\t\tNUEVA WEB EN MARCHA - NEW WEB IS COMING\t\t\t<\/span>\t\t\t\t\t<span class=\"qodef-m-text--3\" >\t\t\t\tNUEVA WEB EN MARCHA - NEW WEB IS COMING\t\t\t<\/span>\t\t\t<\/div><\/div>\t\t\t\t\t<\/div>\n\t\t\t\t<\/div>\n\t\t\t<\/div>\n\t\t\t\t\t<div class=\"qodef-m-item swiper-slide\">\n\t\t\t\t<div class=\"qodef-m-content\">\n\n\t\t\t\t\t<p class=\"qodef-e-text\" ><strong>FOTO Y VIDEO<\/strong><br\/>\nLo que mostramos y c\u00f3mo lo mostramos es lo que va a hacer que te reconozcan. Realizamos sesiones de fotos o rodajes para impulsar tu comunicaci\u00f3n.<\/p>\n\n\t\t\t\t\t\t\t\t\t\t<span class=\"qodef-e-button\"><a class=\"qodef-shortcode qodef-m qodef-m-button qodef-button qodef-layout--outlined qodef-size--large qodef-html--link \" href=\"mailto:somos@doscoronasestudio.com\" target=\"_self\"  >\t<span class=\"qodef-m-text\">Contacto<\/span><\/a><\/span>\n\t\t\t\t<\/div>\n\t\t\t\t<div class=\"qodef-m-vertical-title\">\n\t\t\t\t\t<div class=\"qodef-m-vertical-title-inner\">\n\t\t\t\t\t\t<div class=\"qodef-shortcode qodef-m qodef-vertical qodef-text-marquee qodef-layout--default\">\t<div class=\"qodef-m-content\" style=\"font-size:50px;line-height:1.4em;font-weight:400\">\t\t\t\t\t<span class=\"qodef-m-text--1\" >\t\t\t\tNUEVA WEB EN MARCHA - NEW WEB IS COMING\t\t\t<\/span>\t\t\t\t\t<span class=\"qodef-m-text--2\" >\t\t\t\tNUEVA WEB EN MARCHA - NEW WEB IS COMING\t\t\t<\/span>\t\t\t\t\t<span class=\"qodef-m-text--3\" >\t\t\t\tNUEVA WEB EN MARCHA - NEW WEB IS COMING\t\t\t<\/span>\t\t\t<\/div><\/div>\t\t\t\t\t<\/div>\n\t\t\t\t<\/div>\n\t\t\t<\/div>\n\t\t\t<\/div>\n\t\t\t<div class=\"swiper-button-prev \"><svg  width=\"30.602\" height=\"30.137\" viewBox=\"0 0 30.602 30.137\"><g><path d=\"M29.102 15.069H1.965M13.724 26.828 1.061 14.165M13.724 3.31 1.061 15.973\"\/><\/g><g><path d=\"M29.102 15.069H1.965M13.724 26.828 1.061 14.165M13.724 3.31 1.061 15.973\"\/><\/g><\/svg><\/div>\n\t\t<div class=\"swiper-button-next \"><svg  width=\"30.602\" height=\"30.137\" viewBox=\"0 0 30.602 30.137\" ><g><path d=\"M1.499 15.068h27.137M16.877 3.308l12.664 12.664M16.877 26.827l12.664-12.664\"\/><\/g><g><path d=\"M1.499 15.068h27.137M16.877 3.308l12.664 12.664M16.877 26.827l12.664-12.664\"\/><\/g><\/svg><\/div>\n\t\n\t\t<div class=\"swiper-pagination\"><\/div>\n<\/div>\n\t\t\t\t<\/div>\n\t\t\t\t<\/div>\n\t\t\t\t\t<\/div>\n\t\t<\/div>\n\t\t\t\t\t<\/div>\n\t\t<\/section>\n\t\t\t\t<\/div>\n\t\t","protected":false},"excerpt":{"rendered":"<p>DISE\u00d1O WEB Creemos que la experiencia de usuario es lo que realmente importa. Dise\u00f1amos y desarrollamos webs para hacer que sea satisfactoria. Creamos estrategias de comunicaci\u00f3n, realizamos sesiones de fotos y videos, y desarrollamos p\u00e1ginas webs. NUEVA WEB EN MARCHA &#8211; NEW WEB IS COMING NUEVA WEB EN MARCHA &#8211; NEW WEB IS COMING NUEVA [&hellip;]<\/p>\n","protected":false},"author":1,"featured_media":0,"parent":0,"menu_order":0,"comment_status":"closed","ping_status":"closed","template":"page-full-width.php","meta":{"footnotes":""},"class_list":["post-1881","page","type-page","status-publish","hentry"],"_links":{"self":[{"href":"https:\/\/doscoronasestudio.com\/index.php?rest_route=\/wp\/v2\/pages\/1881","targetHints":{"allow":["GET"]}}],"collection":[{"href":"https:\/\/doscoronasestudio.com\/index.php?rest_route=\/wp\/v2\/pages"}],"about":[{"href":"https:\/\/doscoronasestudio.com\/index.php?rest_route=\/wp\/v2\/types\/page"}],"author":[{"embeddable":true,"href":"https:\/\/doscoronasestudio.com\/index.php?rest_route=\/wp\/v2\/users\/1"}],"replies":[{"embeddable":true,"href":"https:\/\/doscoronasestudio.com\/index.php?rest_route=%2Fwp%2Fv2%2Fcomments&post=1881"}],"version-history":[{"count":81,"href":"https:\/\/doscoronasestudio.com\/index.php?rest_route=\/wp\/v2\/pages\/1881\/revisions"}],"predecessor-version":[{"id":10554,"href":"https:\/\/doscoronasestudio.com\/index.php?rest_route=\/wp\/v2\/pages\/1881\/revisions\/10554"}],"wp:attachment":[{"href":"https:\/\/doscoronasestudio.com\/index.php?rest_route=%2Fwp%2Fv2%2Fmedia&parent=1881"}],"curies":[{"name":"wp","href":"https:\/\/api.w.org\/{rel}","templated":true}]}}